{"id":37,"date":"2021-03-20T16:52:58","date_gmt":"2021-03-20T16:52:58","guid":{"rendered":"http:\/\/www.salammbo-anr-dfg.ovh\/?page_id=37"},"modified":"2021-03-20T20:45:31","modified_gmt":"2021-03-20T20:45:31","slug":"members-and-collaborators","status":"publish","type":"page","link":"https:\/\/www.salammbo-anr-dfg.ovh\/index.php\/members-and-collaborators\/","title":{"rendered":"Members and collaborators"},"content":{"rendered":"\n<h2>Principal Investigators<\/h2>\n\n\n\n<div class=\"wp-block-media-text alignwide\" style=\"grid-template-columns:18% auto\"><figure class=\"wp-block-media-text__media\"><img loading=\"lazy\" width=\"119\" height=\"119\" src=\"https:\/\/www.salammbo-anr-dfg.ovh\/wp-content\/uploads\/2021\/03\/Suse_Picture.png\" alt=\"\" class=\"wp-image-63\"\/><\/figure><div class=\"wp-block-media-text__content\">\n<p class=\"has-small-font-size\"><strong><a href=\"http:\/\/www.zas.gwz-berlin.de\/mitarbeiter_fuchs.html\">Susanne Fuchs<\/a><\/strong>, Researcher, leader of the Motion capture &amp; laboratory phonology labs, Leibniz Centre General Linguistics (ZAS), Berlin, Germany<\/p>\n<\/div><\/div>\n\n\n\n<div class=\"wp-block-media-text alignwide\" style=\"grid-template-columns:18% auto\"><figure class=\"wp-block-media-text__media\"><img loading=\"lazy\" width=\"98\" height=\"119\" src=\"https:\/\/www.salammbo-anr-dfg.ovh\/wp-content\/uploads\/2021\/03\/ARC_picture.png\" alt=\"\" class=\"wp-image-64\"\/><\/figure><div class=\"wp-block-media-text__content\">\n<p class=\"has-small-font-size\"><strong><a href=\"http:\/\/www.gipsa-lab.grenoble-inp.fr\/~amelie.rochet-capellan\/accueil_en.html\">Am\u00e9lie Rochet-Capellan<\/a><\/strong>, Researcher at CNRS, Gipsa-Lab, CNRS, Grenoble Universit\u00e9 Alpes, Grenoble INP, Grenoble, France<\/p>\n<\/div><\/div>\n\n\n\n<h2>Members<\/h2>\n\n\n\n<div class=\"wp-block-media-text alignwide\" style=\"grid-template-columns:19% auto\"><figure class=\"wp-block-media-text__media\"><img loading=\"lazy\" width=\"102\" height=\"119\" src=\"https:\/\/www.salammbo-anr-dfg.ovh\/wp-content\/uploads\/2021\/03\/Marion_Picture.png\" alt=\"\" class=\"wp-image-65\"\/><\/figure><div class=\"wp-block-media-text__content\">\n<p><strong><a href=\"http:\/\/www.gipsa-lab.grenoble-inp.fr\/~marion.dohen\/\">Marion Dohen<\/a><\/strong>, Ma\u00eetre de conf\u00e9rences (associate professor) at Grenoble INP, Gipsa-Lab, CNRS, Grenoble Universit\u00e9 Alpes, Grenoble INP, Grenoble, France<\/p>\n<\/div><\/div>\n\n\n\n<div class=\"wp-block-media-text alignwide\" style=\"grid-template-columns:19% auto\"><figure class=\"wp-block-media-text__media\"><img loading=\"lazy\" width=\"102\" height=\"119\" src=\"https:\/\/www.salammbo-anr-dfg.ovh\/wp-content\/uploads\/2021\/03\/LeoLancia_Picture.png\" alt=\"\" class=\"wp-image-67\"\/><\/figure><div class=\"wp-block-media-text__content\">\n<p class=\"has-small-font-size\"><strong><a href=\"http:\/\/lpp.in2p3.fr\/-Lancia-Leonardo\">Leonardo Lancia<\/a><\/strong>, Researcher at CNRS, LPP, CNRS\/Sorbonne-Nouvelle, Paris, France<\/p>\n<\/div><\/div>\n\n\n\n<div class=\"wp-block-media-text alignwide\" style=\"grid-template-columns:19% auto\"><figure class=\"wp-block-media-text__media\"><img loading=\"lazy\" width=\"102\" height=\"119\" src=\"https:\/\/www.salammbo-anr-dfg.ovh\/wp-content\/uploads\/2021\/03\/HeleneS_Picture.png\" alt=\"\" class=\"wp-image-68\"\/><\/figure><div class=\"wp-block-media-text__content\">\n<p class=\"has-small-font-size\"><strong><a href=\"https:\/\/www.gipsa-lab.grenoble-inp.fr\/page_pro.php?vid=3231\">H\u00e9l\u00e8ne Serr\u00e9<\/a><\/strong>, PhD student, Gipsa-Lab, CNRS, Grenoble Universit\u00e9 Alpes, Grenoble INP, Grenoble, France<\/p>\n<\/div><\/div>\n\n\n\n<div class=\"wp-block-media-text alignwide\" style=\"grid-template-columns:19% auto\"><figure class=\"wp-block-media-text__media\"><img loading=\"lazy\" width=\"102\" height=\"119\" src=\"https:\/\/www.salammbo-anr-dfg.ovh\/wp-content\/uploads\/2021\/03\/HEatherW_Picture.png\" alt=\"\" class=\"wp-image-69\"\/><\/figure><div class=\"wp-block-media-text__content\">\n<p class=\"has-small-font-size\"><strong><a href=\"https:\/\/www.leibniz-zas.de\/en\/people\/details\/weston-heather\/heather-weston\/\">Heather Weston<\/a><\/strong>, PhD student, Leibniz Centre General Linguistics (ZAS), Berlin, Germany<\/p>\n<\/div><\/div>\n\n\n\n<div class=\"wp-block-media-text alignwide\" style=\"grid-template-columns:19% auto\"><figure class=\"wp-block-media-text__media\"><img loading=\"lazy\" width=\"106\" height=\"108\" src=\"https:\/\/www.salammbo-anr-dfg.ovh\/wp-content\/uploads\/2021\/03\/Nadege_Picture.png\" alt=\"\" class=\"wp-image-71\"\/><\/figure><div class=\"wp-block-media-text__content\">\n<p class=\"has-small-font-size\"><strong><a href=\"https:\/\/www.researchgate.net\/profile\/Nadege_Rochat\">Nad\u00e8ge Rochat<\/a><\/strong>, Post-doc, Gipsa-Lab, CNRS, Grenoble Universit\u00e9 Alpes, Grenoble INP, Grenoble, France<\/p>\n<\/div><\/div>\n\n\n\n<div class=\"wp-block-media-text alignwide\" style=\"grid-template-columns:20% auto\"><figure class=\"wp-block-media-text__media\"><img loading=\"lazy\" width=\"102\" height=\"119\" src=\"https:\/\/www.salammbo-anr-dfg.ovh\/wp-content\/uploads\/2021\/03\/PeterB_Picture.png\" alt=\"\" class=\"wp-image-72\"\/><\/figure><div class=\"wp-block-media-text__content\">\n<p class=\"has-small-font-size\"><a href=\"http:\/\/www.vocaltractlab.de\/index.php?page=birkholz-contact\"><strong>Peter Birkholz<\/strong><\/a>, Junior Professor for Cognitive Systems, Institute of Acoustics and Speech Communication, Technische Universit\u00e4t Dresden, Germany<\/p>\n<\/div><\/div>\n\n\n\n<div class=\"wp-block-media-text alignwide\" style=\"grid-template-columns:20% auto\"><figure class=\"wp-block-media-text__media\"><img loading=\"lazy\" width=\"102\" height=\"119\" src=\"https:\/\/www.salammbo-anr-dfg.ovh\/wp-content\/uploads\/2021\/03\/JMC_Picture.png\" alt=\"\" class=\"wp-image-73\"\/><\/figure><div class=\"wp-block-media-text__content\">\n<p class=\"has-small-font-size\"><strong><a href=\"http:\/\/lidilem.u-grenoble3.fr\/membres\/article\/consultation-d-une-fiche-membre?mem_id=18\">Jean-Marc Colletta<\/a><\/strong>, Professor at Grenoble University Alpes, LIDILEM, Grenoble Universit\u00e9 Alpes, Grenoble INP, Grenoble, France<\/p>\n<\/div><\/div>\n\n\n\n<h2>Main collaborations&nbsp;<\/h2>\n\n\n\n<p>Salammbo will also benefit from the insights of collaborators with different area of expertise. In particular:<\/p>\n\n\n\n<figure class=\"wp-block-table is-style-stripes\"><table><tbody><tr><td><strong>Name<\/strong><strong><\/strong><\/td><td><strong>Position<\/strong><\/td><td><strong>Area of expertise in relation to Salammbo<\/strong><\/td><td><strong>City, Country<\/strong><\/td><\/tr><tr><td><strong><a href=\"https:\/\/www.angl.hu-berlin.de\/department\/staff-faculty\/professors\/alexiadou\">Artemis Alexiadou<\/a><\/strong><\/td><td>Professor Humboldt-Universit\u00e4t &amp; ZAS<\/td><td>Linguistic structures, morphological and syntactic structures<\/td><td>Berlin, Germany<\/td><\/tr><tr><td><strong><a href=\"http:\/\/iihm.imag.fr\/fberard\">Fran\u00e7ois B\u00e9rard<\/a><\/strong><\/td><td>Ma\u00eetre de conf\u00e9rences (associate professor), LIG<\/td><td>Motion capture and analysis with Optitrak<\/td><td>Grenoble, France<\/td><\/tr><tr><td><strong><a href=\"https:\/\/amor.cms.hu-berlin.de\/~knoeferp\/Homepage__Psycholinguistics\/Home.html\">Pia Knoeferle<\/a><\/strong><\/td><td>Professor Humboldt-Universit\u00e4t<\/td><td>Embodied and situated language processing<\/td><td>Berlin, Germany<\/td><\/tr><tr><td><strong><a href=\"https:\/\/sites.lsa.umich.edu\/jelenakrivokapic\">Jelena Krivokapic<\/a><\/strong><\/td><td>Associate Professor University of Michigan<\/td><td>Rhythm, timing and metrical structure<\/td><td>Ann Arbor, USA<\/td><\/tr><tr><td><strong><a href=\"https:\/\/haskinslabs.org\/people\/christine-mooshammer\">Christine Mooshammer<\/a><\/strong><\/td><td>Professor Humboldt-Universit\u00e4t<\/td><td>Speech planning and prosody<\/td><td>Berlin, Germany<\/td><\/tr><tr><td><strong><a href=\"https:\/\/www.gipsa-lab.grenoble-inp.fr\/page_pro.php?vid=168\">Pascal Perrier<\/a><\/strong><\/td><td>Professor, Grenoble INP\/Gipsa-lab<\/td><td>Models of speech motor control, speech production<\/td><td>Grenoble, France<\/td><\/tr><tr><td><strong><a href=\"http:\/\/www.lpl-aix.fr\/~petrone\">Caterina Petrone<\/a><\/strong><\/td><td>Researcher at CNRS, LPL<\/td><td>Intonation<\/td><td>Aix-en-Provence, France<\/td><\/tr><\/tbody><\/table><\/figure>\n","protected":false},"excerpt":{"rendered":"<p>Principal Investigators Susanne Fuchs, Researcher, leader of the Motion capture &amp; laboratory phonology labs, Leibniz Centre General Linguistics (ZAS), Berlin, Germany Am\u00e9lie Rochet-Capellan, Researcher at CNRS, Gipsa-Lab, CNRS, Grenoble Universit\u00e9 Alpes, Grenoble INP, Grenoble, France Members Marion Dohen, Ma\u00eetre de conf\u00e9rences (associate professor) at Grenoble INP, Gipsa-Lab, CNRS, Grenoble Universit\u00e9 Alpes, Grenoble INP, Grenoble, France&hellip; <a class=\"more-link\" href=\"https:\/\/www.salammbo-anr-dfg.ovh\/index.php\/members-and-collaborators\/\">Continue reading <span class=\"screen-reader-text\">Members and collaborators<\/span><\/a><\/p>\n","protected":false},"author":1,"featured_media":0,"parent":0,"menu_order":0,"comment_status":"closed","ping_status":"closed","template":"","meta":[],"_links":{"self":[{"href":"https:\/\/www.salammbo-anr-dfg.ovh\/index.php\/wp-json\/wp\/v2\/pages\/37"}],"collection":[{"href":"https:\/\/www.salammbo-anr-dfg.ovh\/index.php\/wp-json\/wp\/v2\/pages"}],"about":[{"href":"https:\/\/www.salammbo-anr-dfg.ovh\/index.php\/wp-json\/wp\/v2\/types\/page"}],"author":[{"embeddable":true,"href":"https:\/\/www.salammbo-anr-dfg.ovh\/index.php\/wp-json\/wp\/v2\/users\/1"}],"replies":[{"embeddable":true,"href":"https:\/\/www.salammbo-anr-dfg.ovh\/index.php\/wp-json\/wp\/v2\/comments?post=37"}],"version-history":[{"count":4,"href":"https:\/\/www.salammbo-anr-dfg.ovh\/index.php\/wp-json\/wp\/v2\/pages\/37\/revisions"}],"predecessor-version":[{"id":75,"href":"https:\/\/www.salammbo-anr-dfg.ovh\/index.php\/wp-json\/wp\/v2\/pages\/37\/revisions\/75"}],"wp:attachment":[{"href":"https:\/\/www.salammbo-anr-dfg.ovh\/index.php\/wp-json\/wp\/v2\/media?parent=37"}],"curies":[{"name":"wp","href":"https:\/\/api.w.org\/{rel}","templated":true}]}}